{"id":62,"date":"2025-07-03T13:00:28","date_gmt":"2025-07-03T13:00:28","guid":{"rendered":"https:\/\/vietculturaltw.store\/?page_id=62"},"modified":"2025-07-03T13:11:57","modified_gmt":"2025-07-03T13:11:57","slug":"%e6%96%87%e5%8c%96%e6%8e%a8%e5%bb%a3%e8%aa%b2%e7%a8%8b","status":"publish","type":"page","link":"https:\/\/vietculturaltw.store\/?page_id=62","title":{"rendered":"\u6587\u5316\u63a8\u5ee3\u8ab2\u7a0b"},"content":{"rendered":"<div style=\"height:var(--wp--preset--spacing--50)\" aria-hidden=\"true\" class=\"wp-block-spacer\"><\/div><div class=\"wp-block-group alignwide has-global-padding is-content-justification-left is-layout-constrained wp-container-core-group-is-layout-12dd3699 wp-block-group-is-layout-constrained\"><h1 class=\"wp-block-heading alignwide has-xx-large-font-size\" style=\"line-height:1.2\">\u8d8a\u5357\u8a9e\u66f8\u7c4d\u8b80\u66f8\u6703<\/h1>\n\n<div class=\"wp-block-columns is-layout-flex wp-container-core-columns-is-layout-28f84493 wp-block-columns-is-layout-flex\"><div class=\"wp-block-column is-layout-flow wp-block-column-is-layout-flow\"><div class=\"wp-block-columns is-layout-flex wp-container-core-columns-is-layout-28f84493 wp-block-columns-is-layout-flex\"><div class=\"wp-block-column is-layout-flow wp-block-column-is-layout-flow\"><p>\u4e00\u3001\u6d3b\u52d5\u5b97\u65e8<br>\u63d0\u4f9b\u8d8a\u5357\u79fb\u5de5\u4e00\u500b\u4ee5\u6bcd\u8a9e\u95b1\u8b80\u8207\u5206\u4eab\u70ba\u4e3b\u7684\u5b89\u5168\u7a7a\u9593<\/p>\n\n<p>\u6e1b\u8f15\u601d\u9109\u58d3\u529b\u3001\u4fc3\u9032\u6587\u5316\u8a8d\u540c\u8207\u5fc3\u7406\u652f\u6301<\/p>\n\n<p>\u9f13\u52f5\u8868\u9054\u3001\u63d0\u5347\u81ea\u4fe1\uff0c\u5efa\u7acb\u5728\u53f0\u751f\u6d3b\u7684\u9023\u7d50\u611f<br>\u4e8c\u3001\u5c0d\u8c61<br>\u5728\u81fa\u8d8a\u5357\u7c4d\u79fb\u5de5\uff08\u4e0d\u9650\u7522\u696d\u5225\uff09<\/p>\n\n<p>\u559c\u6b61\u95b1\u8b80\u3001\u807d\u6545\u4e8b\uff0c\u6216\u5e0c\u671b\u4ee5\u8f15\u9b06\u65b9\u5f0f\u7df4\u7fd2\u8a9e\u8a00\u8207\u8868\u9054\u8005<br>\u4e09\u3001\u6d3b\u52d5\u5f62\u5f0f\u8207\u983b\u7387<br>\u5f62\u5f0f\uff1a\u5c0f\u7d44\u5171\u8b80\u3001\u5c0e\u8b80\u5206\u4eab\u3001\u958b\u653e\u8a0e\u8ad6\u8207\u751f\u6d3b\u7d93\u9a57\u4ea4\u6d41<\/p>\n\n<p>\u983b\u7387\uff1a\u6bcf\u67081\uff5e2\u6b21\uff08\u4f9d\u5834\u5730\u8207\u4eba\u529b\u800c\u5b9a\uff09<\/p>\n\n<p>\u5730\u9ede\uff1a\u8d8a\u5357\u6587\u83ef\u574a\u3001\u6559\u6703\u3001\u52de\u5de5\u4e2d\u5fc3\u3001\u5716\u66f8\u9928\u3001\u6216\u5408\u4f5c\u4f01\u696d\u5834\u6240<\/p>\n\n<p>\u56db\u3001\u66f8\u7c4d\u9078\u64c7\u539f\u5247<br>\u8a9e\u8a00\u89aa\u5207\uff1a\u4f7f\u7528\u73fe\u4ee3\u8d8a\u5357\u8a9e\uff0c\u6587\u53e5\u7c21\u6f54\u6613\u61c2<\/p>\n\n<p>\u984c\u6750\u5171\u9cf4\uff1a\u95dc\u65bc\u5bb6\u5ead\u3001\u5973\u6027\u3001\u79fb\u5de5\u3001\u61f7\u9109\u3001\u611b\u60c5\u3001\u6210\u9577\u3001\u52f5\u5fd7\u7b49\u4e3b\u984c<\/p>\n\n<p>\u7bc7\u5e45\u9069\u4e2d\uff1a\u77ed\u7bc7\u6545\u4e8b\u3001\u6563\u6587\u3001\u7e6a\u672c\u3001\u5fc3\u9748\u66f8\u7c4d\u6216\u6539\u7de8\u81ea\u6c11\u9593\u6545\u4e8b<\/p>\n\n<p>\u9644\u52a0\u50f9\u503c\uff1a\u82e5\u80fd\u7d50\u5408\u751f\u6d3b\u6280\u80fd\uff08\u5982\u7406\u8ca1\u3001\u5065\u5eb7\u3001\u6e9d\u901a\uff09\u66f4\u4f73<\/p>\n\n<p>\u2705 \u63a8\u85a6\u66f8\u76ee\u53ef\u53c3\u8003\uff1a<\/p>\n\n<p>\u300aCho t\u00f4i xin m\u1ed9t v\u00e9 \u0111i tu\u1ed5i th\u01a1\u300b\uff08\u8acb\u7d66\u6211\u4e00\u5f35\u7ae5\u5e74\u7684\u7968\uff09- Nguy\u1ec5n Nh\u1eadt \u00c1nh<\/p>\n\n<p>\u8d8a\u5357\u6c11\u9593\u6545\u4e8b\u9078\uff08Truy\u1ec7n c\u1ed5 t\u00edch Vi\u1ec7t Nam\uff09<\/p>\n\n<p>\u5973\u6027\u52f5\u5fd7\u77ed\u6587\u96c6\uff08Ph\u1ee5 n\u1eef v\u00e0 nh\u1eefng gi\u1ea5c m\u01a1 nh\u1ecf\uff09<\/p>\n\n<p>\u751f\u6d3b\u4e3b\u984c\u5c0f\u7e6a\u672c\uff08\u5982\uff1aT\u00f4i l\u00e0 ai? T\u00f4i \u0111\u1ebfn t\u1eeb \u0111\u00e2u?\uff09<\/p>\n\n<p>\u4e94\u3001\u6d3b\u52d5\u6d41\u7a0b\u7bc4\u4f8b\uff08\u6bcf\u6b2190\u5206\u9418\uff09<br>\u6642\u9593 \u5167\u5bb9<br>10 min \u6b61\u8fce\u8207\u6696\u8eab\uff1a\u8a9e\u8a00\u904a\u6232\uff0f\u804a\u5929\u7834\u51b0<br>20 min \u66f8\u7c4d\u5c0e\u8b80\uff1a\u7c21\u4ecb\u80cc\u666f\u3001\u89d2\u8272\u8207\u4e3b\u984c<br>30 min \u5171\u8b80\u7cbe\u9078\u6bb5\u843d\uff08\u6717\u8b80\u6216\u975c\u8b80\uff09<br>20 min \u5206\u4eab\u6642\u9593\uff1a\u7d93\u9a57\u4ea4\u6d41\u3001\u751f\u6d3b\u5c0d\u7167\u3001\u63d0\u554f\u8a0e\u8ad6<br>10 min \u5fc3\u60c5\u56de\u994b\uff06\u9810\u544a\u4e0b\u6b21\u4e3b\u984c\uff0f\u5c0f\u6d3b\u52d5<\/p>\n\n<p>\u516d\u3001\u5ef6\u4f38\u61c9\u7528<br>\u914d\u5408\u4e2d\u79cb\u3001T\u1ebft\uff08\u8fb2\u66c6\u65b0\u5e74\uff09\u7b49\u7bc0\u6176\u8b80\u66f8\u4e3b\u984c<\/p>\n\n<p>\u7d50\u5408\u624b\u4f5c\u6216\u5beb\u4f5c\u6d3b\u52d5\uff08\u5982\u88fd\u4f5c\u660e\u4fe1\u7247\u3001\u5bb6\u9109\u6545\u4e8b\uff09<\/p>\n\n<p>\u9080\u8acb\u66fe\u70ba\u79fb\u5de5\u7684\u6210\u529f\u4eba\u58eb\u6216\u4f5c\u5bb6\u5206\u4eab\u7d93\u6b77<\/p>\n\n<p>\u4e03\u3001\u8cc7\u6e90\u9700\u6c42<br>\u66f8\u7c4d\uff08\u53ef\u5f9e\u4e8c\u624b\u66f8\u3001\u6350\u8d08\u3001\u5716\u66f8\u9928\u8abf\u95b1\uff09<\/p>\n\n<p>\u5fd7\u5de5\u5c0e\u8b80\u54e1\uff08\u53ef\u70ba\u8d8a\u5357\u8a9e\u6bcd\u8a9e\u8005\u6216\u96d9\u8a9e\u8005\uff09<\/p>\n\n<p>\u5834\u5730\u652f\u6301\u8207\u5c0f\u9ede\u5fc3\u9810\u7b97<\/p>\n\n<p>\u884c\u653f\u652f\u6301\u8207\u5ba3\u50b3\uff08\u8207NGO\u6216\u4f01\u696d\u5408\u4f5c\uff09<\/p><\/div><\/div><\/div><\/div><\/div><div class=\"wp-block-group alignfull has-global-padding is-layout-constrained wp-container-core-group-is-layout-0747478d wp-block-group-is-layout-constrained\" style=\"padding-top:var(--wp--preset--spacing--50);padding-right:var(--wp--preset--spacing--50);padding-bottom:var(--wp--preset--spacing--50);padding-left:var(--wp--preset--spacing--50)\"><div class=\"wp-block-columns alignwide is-layout-flex wp-container-core-columns-is-layout-ff4b9c61 wp-block-columns-is-layout-flex\" style=\"margin-top:0;margin-bottom:0\"><div class=\"wp-block-column is-layout-flow wp-container-core-column-is-layout-8a368f38 wp-block-column-is-layout-flow\"><div class=\"wp-block-query is-layout-flow wp-block-query-is-layout-flow\"><ul class=\"wp-block-post-template is-layout-flow wp-container-core-post-template-is-layout-dc68bcd2 wp-block-post-template-is-layout-flow\"><li class=\"wp-block-post post-1 post type-post status-publish format-standard hentry category-uncategorized\"><\/li><\/ul><\/div><\/div>\n\n<div class=\"wp-block-column is-layout-flow wp-container-core-column-is-layout-8736a895 wp-block-column-is-layout-flow\" style=\"padding-top:0\"><div style=\"height:var(--wp--preset--spacing--50)\" aria-hidden=\"true\" class=\"wp-block-spacer\"><\/div>\n\n<div class=\"wp-block-query is-layout-flow wp-block-query-is-layout-flow\"><\/div>\n\n<div style=\"height:var(--wp--preset--spacing--50)\" aria-hidden=\"true\" class=\"wp-block-spacer\"><\/div><\/div>\n\n<div class=\"wp-block-column is-layout-flow wp-container-core-column-is-layout-8a368f38 wp-block-column-is-layout-flow\"><div class=\"wp-block-query is-layout-flow wp-block-query-is-layout-flow\"><\/div><\/div>\n\n<div class=\"wp-block-column is-layout-flow wp-container-core-column-is-layout-8736a895 wp-block-column-is-layout-flow\" style=\"padding-top:0\"><div style=\"height:var(--wp--preset--spacing--50)\" aria-hidden=\"true\" class=\"wp-block-spacer\"><\/div>\n\n<div class=\"wp-block-query is-layout-flow wp-block-query-is-layout-flow\"><\/div>\n\n<div style=\"height:var(--wp--preset--spacing--50)\" aria-hidden=\"true\" class=\"wp-block-spacer\"><\/div><\/div><\/div><\/div><p><\/p>","protected":false},"excerpt":{"rendered":"<p>\u8d8a\u5357\u8a9e\u66f8\u7c4d\u8b80\u66f8\u6703 \u4e00\u3001\u6d3b\u52d5\u5b97\u65e8\u63d0\u4f9b\u8d8a\u5357\u79fb\u5de5\u4e00\u500b\u4ee5\u6bcd\u8a9e\u95b1\u8b80\u8207\u5206\u4eab\u70ba\u4e3b\u7684\u5b89\u5168\u7a7a\u9593 \u6e1b\u8f15\u601d\u9109\u58d3\u529b\u3001\u4fc3\u9032\u6587\u5316\u8a8d\u540c\u8207\u5fc3\u7406\u652f\u6301 \u9f13\u52f5\u8868\u9054\u3001\u63d0\u5347\u81ea\u4fe1\uff0c\u5efa\u7acb\u5728\u53f0\u751f\u6d3b\u7684\u9023\u7d50\u611f\u4e8c\u3001\u5c0d\u8c61\u5728\u81fa\u8d8a\u5357\u7c4d\u79fb\u5de5\uff08\u4e0d\u9650\u7522\u696d\u5225\uff09 \u559c\u6b61\u95b1\u8b80\u3001\u807d\u6545\u4e8b\uff0c\u6216\u5e0c\u671b\u4ee5\u8f15\u9b06\u65b9\u5f0f\u7df4\u7fd2\u8a9e\u8a00\u8207\u8868\u9054\u8005\u4e09\u3001\u6d3b\u52d5\u5f62\u5f0f\u8207\u983b\u7387\u5f62\u5f0f\uff1a\u5c0f\u7d44\u5171\u8b80\u3001\u5c0e\u8b80\u5206\u4eab\u3001\u958b\u653e\u8a0e\u8ad6\u8207\u751f\u6d3b\u7d93\u9a57\u4ea4\u6d41 \u983b\u7387\uff1a\u6bcf\u67081\uff5e2\u6b21\uff08\u4f9d\u5834\u5730\u8207\u4eba\u529b\u800c\u5b9a\uff09 \u5730\u9ede\uff1a\u8d8a\u5357\u6587\u83ef\u574a\u3001\u6559\u6703\u3001\u52de\u5de5\u4e2d\u5fc3\u3001\u5716\u66f8\u9928\u3001\u6216\u5408\u4f5c\u4f01\u696d\u5834\u6240 \u56db\u3001\u66f8\u7c4d\u9078\u64c7\u539f\u5247\u8a9e\u8a00\u89aa\u5207\uff1a\u4f7f\u7528\u73fe\u4ee3\u8d8a\u5357\u8a9e\uff0c\u6587\u53e5\u7c21\u6f54\u6613\u61c2 \u984c\u6750\u5171\u9cf4\uff1a\u95dc\u65bc\u5bb6\u5ead\u3001\u5973\u6027\u3001\u79fb\u5de5\u3001\u61f7\u9109\u3001\u611b\u60c5\u3001\u6210\u9577\u3001\u52f5\u5fd7\u7b49\u4e3b\u984c \u7bc7\u5e45\u9069\u4e2d\uff1a\u77ed\u7bc7\u6545\u4e8b\u3001\u6563\u6587\u3001\u7e6a\u672c\u3001\u5fc3\u9748\u66f8\u7c4d\u6216\u6539\u7de8\u81ea\u6c11\u9593\u6545\u4e8b \u9644\u52a0\u50f9\u503c\uff1a\u82e5\u80fd\u7d50\u5408\u751f\u6d3b\u6280\u80fd\uff08\u5982\u7406\u8ca1\u3001\u5065\u5eb7\u3001\u6e9d\u901a\uff09\u66f4\u4f73 \u2705 \u63a8\u85a6\u66f8\u76ee\u53ef\u53c3\u8003\uff1a \u300aCho t\u00f4i xin m\u1ed9t v\u00e9 \u0111i tu\u1ed5i th\u01a1\u300b\uff08\u8acb\u7d66\u6211\u4e00\u5f35\u7ae5\u5e74\u7684\u7968\uff09- Nguy\u1ec5n Nh\u1eadt \u00c1nh \u8d8a\u5357\u6c11\u9593\u6545\u4e8b\u9078\uff08Truy\u1ec7n c\u1ed5 t\u00edch Vi\u1ec7t Nam\uff09 \u5973\u6027\u52f5\u5fd7\u77ed\u6587\u96c6\uff08Ph\u1ee5 n\u1eef v\u00e0 nh\u1eefng gi\u1ea5c m\u01a1 nh\u1ecf\uff09 \u751f\u6d3b\u4e3b\u984c\u5c0f\u7e6a\u672c\uff08\u5982\uff1aT\u00f4i l\u00e0 ai? T\u00f4i \u0111\u1ebfn t\u1eeb \u0111\u00e2u?\uff09 \u4e94\u3001\u6d3b\u52d5\u6d41\u7a0b\u7bc4\u4f8b\uff08\u6bcf\u6b2190\u5206\u9418\uff09\u6642\u9593 \u5167\u5bb910 min \u6b61\u8fce\u8207\u6696\u8eab\uff1a\u8a9e\u8a00\u904a\u6232\uff0f\u804a\u5929\u7834\u51b020 min \u66f8\u7c4d\u5c0e\u8b80\uff1a\u7c21\u4ecb\u80cc\u666f\u3001\u89d2\u8272\u8207\u4e3b\u984c30 min \u5171\u8b80\u7cbe\u9078\u6bb5\u843d\uff08\u6717\u8b80\u6216\u975c\u8b80\uff0920 min \u5206\u4eab\u6642\u9593\uff1a\u7d93\u9a57\u4ea4\u6d41\u3001\u751f\u6d3b\u5c0d\u7167\u3001\u63d0\u554f\u8a0e\u8ad610 min \u5fc3\u60c5\u56de\u994b\uff06\u9810\u544a\u4e0b\u6b21\u4e3b\u984c\uff0f\u5c0f\u6d3b\u52d5 [&hellip;]<\/p>\n","protected":false},"author":1,"featured_media":0,"parent":0,"menu_order":0,"comment_status":"closed","ping_status":"closed","template":"","meta":{"footnotes":""},"class_list":["post-62","page","type-page","status-publish","hentry"],"yoast_head":"<!-- This site is optimized with the Yoast SEO plugin v24.8 - https:\/\/yoast.com\/wordpress\/plugins\/seo\/ -->\n<title>\u6587\u5316\u63a8\u5ee3\u8ab2\u7a0b - \u8d8a\u5357\u6587\u83ef\u574a Viet Cultures in Taiwan<\/title>\n<meta name=\"robots\" content=\"index, follow, max-snippet:-1, max-image-preview:large, max-video-preview:-1\" \/>\n<link rel=\"canonical\" href=\"https:\/\/vietculturaltw.store\/?page_id=62\" \/>\n<meta property=\"og:locale\" content=\"en_US\" \/>\n<meta property=\"og:type\" content=\"article\" \/>\n<meta property=\"og:title\" content=\"\u6587\u5316\u63a8\u5ee3\u8ab2\u7a0b - \u8d8a\u5357\u6587\u83ef\u574a Viet Cultures in Taiwan\" \/>\n<meta property=\"og:description\" content=\"\u8d8a\u5357\u8a9e\u66f8\u7c4d\u8b80\u66f8\u6703 \u4e00\u3001\u6d3b\u52d5\u5b97\u65e8\u63d0\u4f9b\u8d8a\u5357\u79fb\u5de5\u4e00\u500b\u4ee5\u6bcd\u8a9e\u95b1\u8b80\u8207\u5206\u4eab\u70ba\u4e3b\u7684\u5b89\u5168\u7a7a\u9593 \u6e1b\u8f15\u601d\u9109\u58d3\u529b\u3001\u4fc3\u9032\u6587\u5316\u8a8d\u540c\u8207\u5fc3\u7406\u652f\u6301 \u9f13\u52f5\u8868\u9054\u3001\u63d0\u5347\u81ea\u4fe1\uff0c\u5efa\u7acb\u5728\u53f0\u751f\u6d3b\u7684\u9023\u7d50\u611f\u4e8c\u3001\u5c0d\u8c61\u5728\u81fa\u8d8a\u5357\u7c4d\u79fb\u5de5\uff08\u4e0d\u9650\u7522\u696d\u5225\uff09 \u559c\u6b61\u95b1\u8b80\u3001\u807d\u6545\u4e8b\uff0c\u6216\u5e0c\u671b\u4ee5\u8f15\u9b06\u65b9\u5f0f\u7df4\u7fd2\u8a9e\u8a00\u8207\u8868\u9054\u8005\u4e09\u3001\u6d3b\u52d5\u5f62\u5f0f\u8207\u983b\u7387\u5f62\u5f0f\uff1a\u5c0f\u7d44\u5171\u8b80\u3001\u5c0e\u8b80\u5206\u4eab\u3001\u958b\u653e\u8a0e\u8ad6\u8207\u751f\u6d3b\u7d93\u9a57\u4ea4\u6d41 \u983b\u7387\uff1a\u6bcf\u67081\uff5e2\u6b21\uff08\u4f9d\u5834\u5730\u8207\u4eba\u529b\u800c\u5b9a\uff09 \u5730\u9ede\uff1a\u8d8a\u5357\u6587\u83ef\u574a\u3001\u6559\u6703\u3001\u52de\u5de5\u4e2d\u5fc3\u3001\u5716\u66f8\u9928\u3001\u6216\u5408\u4f5c\u4f01\u696d\u5834\u6240 \u56db\u3001\u66f8\u7c4d\u9078\u64c7\u539f\u5247\u8a9e\u8a00\u89aa\u5207\uff1a\u4f7f\u7528\u73fe\u4ee3\u8d8a\u5357\u8a9e\uff0c\u6587\u53e5\u7c21\u6f54\u6613\u61c2 \u984c\u6750\u5171\u9cf4\uff1a\u95dc\u65bc\u5bb6\u5ead\u3001\u5973\u6027\u3001\u79fb\u5de5\u3001\u61f7\u9109\u3001\u611b\u60c5\u3001\u6210\u9577\u3001\u52f5\u5fd7\u7b49\u4e3b\u984c \u7bc7\u5e45\u9069\u4e2d\uff1a\u77ed\u7bc7\u6545\u4e8b\u3001\u6563\u6587\u3001\u7e6a\u672c\u3001\u5fc3\u9748\u66f8\u7c4d\u6216\u6539\u7de8\u81ea\u6c11\u9593\u6545\u4e8b \u9644\u52a0\u50f9\u503c\uff1a\u82e5\u80fd\u7d50\u5408\u751f\u6d3b\u6280\u80fd\uff08\u5982\u7406\u8ca1\u3001\u5065\u5eb7\u3001\u6e9d\u901a\uff09\u66f4\u4f73 \u2705 \u63a8\u85a6\u66f8\u76ee\u53ef\u53c3\u8003\uff1a \u300aCho t\u00f4i xin m\u1ed9t v\u00e9 \u0111i tu\u1ed5i th\u01a1\u300b\uff08\u8acb\u7d66\u6211\u4e00\u5f35\u7ae5\u5e74\u7684\u7968\uff09- Nguy\u1ec5n Nh\u1eadt \u00c1nh \u8d8a\u5357\u6c11\u9593\u6545\u4e8b\u9078\uff08Truy\u1ec7n c\u1ed5 t\u00edch Vi\u1ec7t Nam\uff09 \u5973\u6027\u52f5\u5fd7\u77ed\u6587\u96c6\uff08Ph\u1ee5 n\u1eef v\u00e0 nh\u1eefng gi\u1ea5c m\u01a1 nh\u1ecf\uff09 \u751f\u6d3b\u4e3b\u984c\u5c0f\u7e6a\u672c\uff08\u5982\uff1aT\u00f4i l\u00e0 ai? T\u00f4i \u0111\u1ebfn t\u1eeb \u0111\u00e2u?\uff09 \u4e94\u3001\u6d3b\u52d5\u6d41\u7a0b\u7bc4\u4f8b\uff08\u6bcf\u6b2190\u5206\u9418\uff09\u6642\u9593 \u5167\u5bb910 min \u6b61\u8fce\u8207\u6696\u8eab\uff1a\u8a9e\u8a00\u904a\u6232\uff0f\u804a\u5929\u7834\u51b020 min \u66f8\u7c4d\u5c0e\u8b80\uff1a\u7c21\u4ecb\u80cc\u666f\u3001\u89d2\u8272\u8207\u4e3b\u984c30 min \u5171\u8b80\u7cbe\u9078\u6bb5\u843d\uff08\u6717\u8b80\u6216\u975c\u8b80\uff0920 min \u5206\u4eab\u6642\u9593\uff1a\u7d93\u9a57\u4ea4\u6d41\u3001\u751f\u6d3b\u5c0d\u7167\u3001\u63d0\u554f\u8a0e\u8ad610 min \u5fc3\u60c5\u56de\u994b\uff06\u9810\u544a\u4e0b\u6b21\u4e3b\u984c\uff0f\u5c0f\u6d3b\u52d5 [&hellip;]\" \/>\n<meta property=\"og:url\" content=\"https:\/\/vietculturaltw.store\/?page_id=62\" \/>\n<meta property=\"og:site_name\" content=\"\u8d8a\u5357\u6587\u83ef\u574a Viet Cultures in Taiwan\" \/>\n<meta property=\"article:modified_time\" content=\"2025-07-03T13:11:57+00:00\" \/>\n<meta name=\"twitter:card\" content=\"summary_large_image\" \/>\n<meta name=\"twitter:label1\" content=\"Est. reading time\" \/>\n\t<meta name=\"twitter:data1\" content=\"1 minute\" \/>\n<script type=\"application\/ld+json\" class=\"yoast-schema-graph\">{\"@context\":\"https:\/\/schema.org\",\"@graph\":[{\"@type\":\"WebPage\",\"@id\":\"https:\/\/vietculturaltw.store\/?page_id=62\",\"url\":\"https:\/\/vietculturaltw.store\/?page_id=62\",\"name\":\"\u6587\u5316\u63a8\u5ee3\u8ab2\u7a0b - \u8d8a\u5357\u6587\u83ef\u574a Viet Cultures in Taiwan\",\"isPartOf\":{\"@id\":\"http:\/\/vietculturaltw.store\/#website\"},\"datePublished\":\"2025-07-03T13:00:28+00:00\",\"dateModified\":\"2025-07-03T13:11:57+00:00\",\"breadcrumb\":{\"@id\":\"https:\/\/vietculturaltw.store\/?page_id=62#breadcrumb\"},\"inLanguage\":\"en-US\",\"potentialAction\":[{\"@type\":\"ReadAction\",\"target\":[\"https:\/\/vietculturaltw.store\/?page_id=62\"]}]},{\"@type\":\"BreadcrumbList\",\"@id\":\"https:\/\/vietculturaltw.store\/?page_id=62#breadcrumb\",\"itemListElement\":[{\"@type\":\"ListItem\",\"position\":1,\"name\":\"Home\",\"item\":\"http:\/\/vietculturaltw.store\/\"},{\"@type\":\"ListItem\",\"position\":2,\"name\":\"\u6587\u5316\u63a8\u5ee3\u8ab2\u7a0b\"}]},{\"@type\":\"WebSite\",\"@id\":\"http:\/\/vietculturaltw.store\/#website\",\"url\":\"http:\/\/vietculturaltw.store\/\",\"name\":\"\u8d8a\u5357\u6587\u83ef\u574a Viet Cultures in Taiwan\",\"description\":\"\",\"publisher\":{\"@id\":\"http:\/\/vietculturaltw.store\/#organization\"},\"potentialAction\":[{\"@type\":\"SearchAction\",\"target\":{\"@type\":\"EntryPoint\",\"urlTemplate\":\"http:\/\/vietculturaltw.store\/?s={search_term_string}\"},\"query-input\":{\"@type\":\"PropertyValueSpecification\",\"valueRequired\":true,\"valueName\":\"search_term_string\"}}],\"inLanguage\":\"en-US\"},{\"@type\":\"Organization\",\"@id\":\"http:\/\/vietculturaltw.store\/#organization\",\"name\":\"\u8d8a\u5357\u6587\u83ef\u574a Viet Cultures in Taiwan\",\"url\":\"http:\/\/vietculturaltw.store\/\",\"logo\":{\"@type\":\"ImageObject\",\"inLanguage\":\"en-US\",\"@id\":\"http:\/\/vietculturaltw.store\/#\/schema\/logo\/image\/\",\"url\":\"https:\/\/vietculturaltw.store\/wp-content\/uploads\/2025\/05\/Black-Elegant-Modern-Name-Initials-Monogram-Logo.jpg\",\"contentUrl\":\"https:\/\/vietculturaltw.store\/wp-content\/uploads\/2025\/05\/Black-Elegant-Modern-Name-Initials-Monogram-Logo.jpg\",\"width\":500,\"height\":500,\"caption\":\"\u8d8a\u5357\u6587\u83ef\u574a Viet Cultures in Taiwan\"},\"image\":{\"@id\":\"http:\/\/vietculturaltw.store\/#\/schema\/logo\/image\/\"}}]}<\/script>\n<!-- \/ Yoast SEO plugin. -->","yoast_head_json":{"title":"\u6587\u5316\u63a8\u5ee3\u8ab2\u7a0b - \u8d8a\u5357\u6587\u83ef\u574a Viet Cultures in Taiwan","robots":{"index":"index","follow":"follow","max-snippet":"max-snippet:-1","max-image-preview":"max-image-preview:large","max-video-preview":"max-video-preview:-1"},"canonical":"https:\/\/vietculturaltw.store\/?page_id=62","og_locale":"en_US","og_type":"article","og_title":"\u6587\u5316\u63a8\u5ee3\u8ab2\u7a0b - \u8d8a\u5357\u6587\u83ef\u574a Viet Cultures in Taiwan","og_description":"\u8d8a\u5357\u8a9e\u66f8\u7c4d\u8b80\u66f8\u6703 \u4e00\u3001\u6d3b\u52d5\u5b97\u65e8\u63d0\u4f9b\u8d8a\u5357\u79fb\u5de5\u4e00\u500b\u4ee5\u6bcd\u8a9e\u95b1\u8b80\u8207\u5206\u4eab\u70ba\u4e3b\u7684\u5b89\u5168\u7a7a\u9593 \u6e1b\u8f15\u601d\u9109\u58d3\u529b\u3001\u4fc3\u9032\u6587\u5316\u8a8d\u540c\u8207\u5fc3\u7406\u652f\u6301 \u9f13\u52f5\u8868\u9054\u3001\u63d0\u5347\u81ea\u4fe1\uff0c\u5efa\u7acb\u5728\u53f0\u751f\u6d3b\u7684\u9023\u7d50\u611f\u4e8c\u3001\u5c0d\u8c61\u5728\u81fa\u8d8a\u5357\u7c4d\u79fb\u5de5\uff08\u4e0d\u9650\u7522\u696d\u5225\uff09 \u559c\u6b61\u95b1\u8b80\u3001\u807d\u6545\u4e8b\uff0c\u6216\u5e0c\u671b\u4ee5\u8f15\u9b06\u65b9\u5f0f\u7df4\u7fd2\u8a9e\u8a00\u8207\u8868\u9054\u8005\u4e09\u3001\u6d3b\u52d5\u5f62\u5f0f\u8207\u983b\u7387\u5f62\u5f0f\uff1a\u5c0f\u7d44\u5171\u8b80\u3001\u5c0e\u8b80\u5206\u4eab\u3001\u958b\u653e\u8a0e\u8ad6\u8207\u751f\u6d3b\u7d93\u9a57\u4ea4\u6d41 \u983b\u7387\uff1a\u6bcf\u67081\uff5e2\u6b21\uff08\u4f9d\u5834\u5730\u8207\u4eba\u529b\u800c\u5b9a\uff09 \u5730\u9ede\uff1a\u8d8a\u5357\u6587\u83ef\u574a\u3001\u6559\u6703\u3001\u52de\u5de5\u4e2d\u5fc3\u3001\u5716\u66f8\u9928\u3001\u6216\u5408\u4f5c\u4f01\u696d\u5834\u6240 \u56db\u3001\u66f8\u7c4d\u9078\u64c7\u539f\u5247\u8a9e\u8a00\u89aa\u5207\uff1a\u4f7f\u7528\u73fe\u4ee3\u8d8a\u5357\u8a9e\uff0c\u6587\u53e5\u7c21\u6f54\u6613\u61c2 \u984c\u6750\u5171\u9cf4\uff1a\u95dc\u65bc\u5bb6\u5ead\u3001\u5973\u6027\u3001\u79fb\u5de5\u3001\u61f7\u9109\u3001\u611b\u60c5\u3001\u6210\u9577\u3001\u52f5\u5fd7\u7b49\u4e3b\u984c \u7bc7\u5e45\u9069\u4e2d\uff1a\u77ed\u7bc7\u6545\u4e8b\u3001\u6563\u6587\u3001\u7e6a\u672c\u3001\u5fc3\u9748\u66f8\u7c4d\u6216\u6539\u7de8\u81ea\u6c11\u9593\u6545\u4e8b \u9644\u52a0\u50f9\u503c\uff1a\u82e5\u80fd\u7d50\u5408\u751f\u6d3b\u6280\u80fd\uff08\u5982\u7406\u8ca1\u3001\u5065\u5eb7\u3001\u6e9d\u901a\uff09\u66f4\u4f73 \u2705 \u63a8\u85a6\u66f8\u76ee\u53ef\u53c3\u8003\uff1a \u300aCho t\u00f4i xin m\u1ed9t v\u00e9 \u0111i tu\u1ed5i th\u01a1\u300b\uff08\u8acb\u7d66\u6211\u4e00\u5f35\u7ae5\u5e74\u7684\u7968\uff09- Nguy\u1ec5n Nh\u1eadt \u00c1nh \u8d8a\u5357\u6c11\u9593\u6545\u4e8b\u9078\uff08Truy\u1ec7n c\u1ed5 t\u00edch Vi\u1ec7t Nam\uff09 \u5973\u6027\u52f5\u5fd7\u77ed\u6587\u96c6\uff08Ph\u1ee5 n\u1eef v\u00e0 nh\u1eefng gi\u1ea5c m\u01a1 nh\u1ecf\uff09 \u751f\u6d3b\u4e3b\u984c\u5c0f\u7e6a\u672c\uff08\u5982\uff1aT\u00f4i l\u00e0 ai? T\u00f4i \u0111\u1ebfn t\u1eeb \u0111\u00e2u?\uff09 \u4e94\u3001\u6d3b\u52d5\u6d41\u7a0b\u7bc4\u4f8b\uff08\u6bcf\u6b2190\u5206\u9418\uff09\u6642\u9593 \u5167\u5bb910 min \u6b61\u8fce\u8207\u6696\u8eab\uff1a\u8a9e\u8a00\u904a\u6232\uff0f\u804a\u5929\u7834\u51b020 min \u66f8\u7c4d\u5c0e\u8b80\uff1a\u7c21\u4ecb\u80cc\u666f\u3001\u89d2\u8272\u8207\u4e3b\u984c30 min \u5171\u8b80\u7cbe\u9078\u6bb5\u843d\uff08\u6717\u8b80\u6216\u975c\u8b80\uff0920 min \u5206\u4eab\u6642\u9593\uff1a\u7d93\u9a57\u4ea4\u6d41\u3001\u751f\u6d3b\u5c0d\u7167\u3001\u63d0\u554f\u8a0e\u8ad610 min \u5fc3\u60c5\u56de\u994b\uff06\u9810\u544a\u4e0b\u6b21\u4e3b\u984c\uff0f\u5c0f\u6d3b\u52d5 [&hellip;]","og_url":"https:\/\/vietculturaltw.store\/?page_id=62","og_site_name":"\u8d8a\u5357\u6587\u83ef\u574a Viet Cultures in Taiwan","article_modified_time":"2025-07-03T13:11:57+00:00","twitter_card":"summary_large_image","twitter_misc":{"Est. reading time":"1 minute"},"schema":{"@context":"https:\/\/schema.org","@graph":[{"@type":"WebPage","@id":"https:\/\/vietculturaltw.store\/?page_id=62","url":"https:\/\/vietculturaltw.store\/?page_id=62","name":"\u6587\u5316\u63a8\u5ee3\u8ab2\u7a0b - \u8d8a\u5357\u6587\u83ef\u574a Viet Cultures in Taiwan","isPartOf":{"@id":"http:\/\/vietculturaltw.store\/#website"},"datePublished":"2025-07-03T13:00:28+00:00","dateModified":"2025-07-03T13:11:57+00:00","breadcrumb":{"@id":"https:\/\/vietculturaltw.store\/?page_id=62#breadcrumb"},"inLanguage":"en-US","potentialAction":[{"@type":"ReadAction","target":["https:\/\/vietculturaltw.store\/?page_id=62"]}]},{"@type":"BreadcrumbList","@id":"https:\/\/vietculturaltw.store\/?page_id=62#breadcrumb","itemListElement":[{"@type":"ListItem","position":1,"name":"Home","item":"http:\/\/vietculturaltw.store\/"},{"@type":"ListItem","position":2,"name":"\u6587\u5316\u63a8\u5ee3\u8ab2\u7a0b"}]},{"@type":"WebSite","@id":"http:\/\/vietculturaltw.store\/#website","url":"http:\/\/vietculturaltw.store\/","name":"\u8d8a\u5357\u6587\u83ef\u574a Viet Cultures in Taiwan","description":"","publisher":{"@id":"http:\/\/vietculturaltw.store\/#organization"},"potentialAction":[{"@type":"SearchAction","target":{"@type":"EntryPoint","urlTemplate":"http:\/\/vietculturaltw.store\/?s={search_term_string}"},"query-input":{"@type":"PropertyValueSpecification","valueRequired":true,"valueName":"search_term_string"}}],"inLanguage":"en-US"},{"@type":"Organization","@id":"http:\/\/vietculturaltw.store\/#organization","name":"\u8d8a\u5357\u6587\u83ef\u574a Viet Cultures in Taiwan","url":"http:\/\/vietculturaltw.store\/","logo":{"@type":"ImageObject","inLanguage":"en-US","@id":"http:\/\/vietculturaltw.store\/#\/schema\/logo\/image\/","url":"https:\/\/vietculturaltw.store\/wp-content\/uploads\/2025\/05\/Black-Elegant-Modern-Name-Initials-Monogram-Logo.jpg","contentUrl":"https:\/\/vietculturaltw.store\/wp-content\/uploads\/2025\/05\/Black-Elegant-Modern-Name-Initials-Monogram-Logo.jpg","width":500,"height":500,"caption":"\u8d8a\u5357\u6587\u83ef\u574a Viet Cultures in Taiwan"},"image":{"@id":"http:\/\/vietculturaltw.store\/#\/schema\/logo\/image\/"}}]}},"_links":{"self":[{"href":"https:\/\/vietculturaltw.store\/index.php?rest_route=\/wp\/v2\/pages\/62","targetHints":{"allow":["GET"]}}],"collection":[{"href":"https:\/\/vietculturaltw.store\/index.php?rest_route=\/wp\/v2\/pages"}],"about":[{"href":"https:\/\/vietculturaltw.store\/index.php?rest_route=\/wp\/v2\/types\/page"}],"author":[{"embeddable":true,"href":"https:\/\/vietculturaltw.store\/index.php?rest_route=\/wp\/v2\/users\/1"}],"replies":[{"embeddable":true,"href":"https:\/\/vietculturaltw.store\/index.php?rest_route=%2Fwp%2Fv2%2Fcomments&post=62"}],"version-history":[{"count":2,"href":"https:\/\/vietculturaltw.store\/index.php?rest_route=\/wp\/v2\/pages\/62\/revisions"}],"predecessor-version":[{"id":66,"href":"https:\/\/vietculturaltw.store\/index.php?rest_route=\/wp\/v2\/pages\/62\/revisions\/66"}],"wp:attachment":[{"href":"https:\/\/vietculturaltw.store\/index.php?rest_route=%2Fwp%2Fv2%2Fmedia&parent=62"}],"curies":[{"name":"wp","href":"https:\/\/api.w.org\/{rel}","templated":true}]}}